{"id":57,"date":"2014-06-03T17:59:21","date_gmt":"2014-06-03T17:59:21","guid":{"rendered":"http:\/\/66.147.244.158\/~unirismo\/socdevi\/?page_id=57"},"modified":"2014-06-03T18:30:39","modified_gmt":"2014-06-03T18:30:39","slug":"researchers","status":"publish","type":"page","link":"https:\/\/mpeodd.uniri.hr\/?page_id=57","title":{"rendered":"Researchers"},"content":{"rendered":"<body><p><\/p>\n<p style=\"color: #141412;\"><strong>Core Research Team\u00a0<\/strong><br>\n<a href=\"https:\/\/i0.wp.com\/66.147.244.158\/~unirismo\/socdevi\/wp-content\/uploads\/2014\/05\/snjzeana-prijic-samardzija.jpg\"><img data-recalc-dims=\"1\" decoding=\"async\" class=\"alignleft size-thumbnail wp-image-24\" src=\"https:\/\/i0.wp.com\/66.147.244.158\/~unirismo\/socdevi\/wp-content\/uploads\/2014\/05\/snjzeana-prijic-samardzija-150x150.jpg?resize=150%2C150\" alt=\"Snje\u017eana Priji\u0107 - Samar\u017eija\" width=\"150\" height=\"150\" loading=\"lazy\"><\/a><\/p>\n<p style=\"color: #141412;\">Professor Snje\u017eana Priji\u0107-Samar\u017eija (<a href=\"https:\/\/portal.uniri.hr\/portfelj\/sprijic@ffri.hr\"><span style=\"color: #bc360a;\">CV<\/span><\/a>,\u00a0<a href=\"http:\/\/scholar.google.com\/citations?user=bzdesk0aaaaj&amp;hl=en\"><span style=\"color: #bc360a;\">Google scholar<\/span><\/a>,\u00a0<a href=\"http:\/\/bib.irb.hr\/lista-radova?autor=230955&amp;lang=en\"><span style=\"color: #bc360a;\">Croatian scientific bibliography<\/span><\/a>)<\/p>\n<p>Principal Investigator. In her research on social epistemology emphasis is placed on the investigating the epistemic values of individual and collective epistemic actors (formal and informal groups, institutions, etc.). In this project she contributes to the investigation of the issues on whether and how deviant sexual behaviours (adultery, cohabitation, prostitution, paedophilia, rape, etc.) can be considered as a deviation from the normal or morally permissible. As mentor and co-mentor she conducts research with collaborators to the project: Inka Mi\u0161kulin, Andrea Me\u0161anovi\u0107, and Ana Smokrovi\u0107.<\/p>\n<p style=\"color: #141412;\"><div class=\"woo-sc-divider\"><\/div><\/p>\n<p style=\"color: #141412;\"><a href=\"https:\/\/i0.wp.com\/66.147.244.158\/~unirismo\/socdevi\/wp-content\/uploads\/2014\/05\/s200_elvio.baccarini.jpg\"><img data-recalc-dims=\"1\" decoding=\"async\" class=\"alignleft size-thumbnail wp-image-25\" src=\"https:\/\/i0.wp.com\/66.147.244.158\/~unirismo\/socdevi\/wp-content\/uploads\/2014\/05\/s200_elvio.baccarini-150x150.jpg?resize=150%2C150\" alt=\"Elvio Baccarini\" width=\"150\" height=\"150\" loading=\"lazy\" srcset=\"https:\/\/i0.wp.com\/mpeodd.uniri.hr\/wp-content\/uploads\/2014\/05\/s200_elvio.baccarini.jpg?resize=150%2C150&amp;ssl=1 150w, https:\/\/i0.wp.com\/mpeodd.uniri.hr\/wp-content\/uploads\/2014\/05\/s200_elvio.baccarini.jpg?w=200&amp;ssl=1 200w\" sizes=\"(max-width: 150px) 100vw, 150px\" \/><\/a><\/p>\n<p style=\"color: #141412;\">Professor Elvio Baccarini (<a href=\"https:\/\/portal.uniri.hr\/portfelj\/elvio.baccarini@uniri.hr\"><span style=\"color: #bc360a;\">CV<\/span><\/a>,\u00a0<a href=\"http:\/\/scholar.google.com\/citations?user=y5zqizeaaaaj&amp;hl=en\"><span style=\"color: #bc360a;\">Google scholar<\/span><\/a>,\u00a0<a href=\"http:\/\/bib.irb.hr\/lista-radova?autor=180230&amp;lang=en\"><span style=\"color: #bc360a;\">Croatian scientific bibliography<\/span><\/a>)<\/p>\n<p>He investigates the question of the public justification of norms of social morality. His areas of research are public reason as a method for the public justification of the norms of public morality (a norm of social morality is justified when all the eligible individuals have a justification for that norm) and epistemic deliberative democracy. He is involved in the organisation of project conferences and seminars and as mentor of Ernie Gigante De\u0161kovi\u0107.<\/p>\n<p style=\"color: #141412;\"><div class=\"woo-sc-divider\"><\/div><\/p>\n<p style=\"color: #141412;\"><a href=\"https:\/\/i0.wp.com\/66.147.244.158\/~unirismo\/socdevi\/wp-content\/uploads\/2014\/05\/screenshot1.png\"><img data-recalc-dims=\"1\" decoding=\"async\" class=\"alignleft size-thumbnail wp-image-28\" src=\"https:\/\/i0.wp.com\/66.147.244.158\/~unirismo\/socdevi\/wp-content\/uploads\/2014\/05\/screenshot1-150x150.png?resize=150%2C150\" alt=\"Luca Malatesti\" width=\"150\" height=\"150\" loading=\"lazy\"><\/a><\/p>\n<p style=\"color: #141412;\">Assistant Professor Luca Malatesti (<a href=\"https:\/\/portal.uniri.hr\/portfelj\/lmalatesti@uniri.hr\"><span style=\"color: #bc360a;\">CV<\/span><\/a>,\u00a0<a href=\"http:\/\/scholar.google.com\/citations?user=dkoleuaaaaaj&amp;hl=en\"><span style=\"color: #bc360a;\">Google scholar<\/span><\/a>,\u00a0<a href=\"http:\/\/bib.irb.hr\/lista-radova?autor=308096&amp;lang=en\"><span style=\"color: #bc360a;\">Croatian scientific bibliography<\/span><\/a>)<\/p>\n<p>He investigates the epistemological status of the notions of antisocial personality and psychopathy and the moral responsibility of psychopathy, with particular focus onto the issue of the nature and extent of their impairment of their moral capacities.<\/p>\n<p style=\"color: #141412;\"><div class=\"woo-sc-divider\"><\/div><\/p>\n<p><b>Collaborators to the project<\/b><\/p>\n<p style=\"color: #141412;\"><a href=\"https:\/\/i0.wp.com\/66.147.244.158\/~unirismo\/socdevi\/wp-content\/uploads\/2014\/05\/inka_miskulin_th.png\"><img data-recalc-dims=\"1\" decoding=\"async\" class=\"alignleft size-thumbnail wp-image-26\" src=\"https:\/\/i0.wp.com\/66.147.244.158\/~unirismo\/socdevi\/wp-content\/uploads\/2014\/05\/inka_miskulin_th-150x150.png?resize=150%2C150\" alt=\"Inka Mi\u0161kulin\" width=\"150\" height=\"150\" loading=\"lazy\" srcset=\"https:\/\/i0.wp.com\/mpeodd.uniri.hr\/wp-content\/uploads\/2014\/05\/inka_miskulin_th.png?resize=150%2C150&amp;ssl=1 150w, https:\/\/i0.wp.com\/mpeodd.uniri.hr\/wp-content\/uploads\/2014\/05\/inka_miskulin_th.png?w=242&amp;ssl=1 242w\" sizes=\"(max-width: 150px) 100vw, 150px\" \/><\/a><\/p>\n<p>Inca Mi\u0161kulin, psychotherapist and doctoral student (Philosophy) at the University of Rijeka<\/p>\n<p>She investigates the role of epistemic values in the psychotherapeutic communicative act. She is interested in the possible forms of epistemic injustice (hermeneutic and testimonial injustice) that might be experienced by the patient and that are due by stereotyping and prejudices, for example, as in the case of trust deficit.<\/p>\n<p style=\"color: #141412;\"><div class=\"woo-sc-divider\"><\/div><\/p>\n<p style=\"color: #141412;\"><a href=\"https:\/\/i0.wp.com\/66.147.244.158\/~unirismo\/socdevi\/wp-content\/uploads\/2014\/05\/screenshot2.png\"><img data-recalc-dims=\"1\" decoding=\"async\" class=\"alignleft size-thumbnail wp-image-30\" src=\"https:\/\/i0.wp.com\/66.147.244.158\/~unirismo\/socdevi\/wp-content\/uploads\/2014\/05\/screenshot2-150x150.png?resize=150%2C150\" alt=\"Ernie Gigante De\u0161kovi\u0107\" width=\"150\" height=\"150\" loading=\"lazy\"><\/a><\/p>\n<p>Ernie Gigante De\u0161kovi\u0107, doctoral student (Philosophy) at the University of Rijeka<\/p>\n<p>He investigates democratic decision-making, with special emphasis on the procedures that guarantee avoiding the so-called sovereign evils, such as violations of fundamental human rights and discrimination, within the theoretical tradition started by Stuart Hampshire, a recently developed by Derek Edyvane.<\/p>\n<p style=\"color: #141412;\"><div class=\"woo-sc-divider\"><\/div><\/p>\n<p style=\"color: #141412;\"><a href=\"https:\/\/i0.wp.com\/66.147.244.158\/~unirismo\/socdevi\/wp-content\/uploads\/2014\/05\/screenshot3.png\"><img data-recalc-dims=\"1\" decoding=\"async\" class=\"alignleft size-thumbnail wp-image-31\" src=\"https:\/\/i0.wp.com\/66.147.244.158\/~unirismo\/socdevi\/wp-content\/uploads\/2014\/05\/screenshot3-150x150.png?resize=150%2C150\" alt=\"Ana Smokrovi\u0107\" width=\"150\" height=\"150\" loading=\"lazy\"><\/a><\/p>\n<p>Ana Smokrovi\u0107, doctoral student (Philosophy) at the University of Rijeka<\/p>\n<p>She investigates the issue of the impact of structural power (institutions, systems) on individuals and the potential injustices that some understanding of the norms and values can have on the individual (via the constitution of the subject, self-understanding, self-esteem, etc.).<\/p>\n<p style=\"color: #141412;\"><div class=\"woo-sc-divider\"><\/div><\/p>\n<p style=\"color: #141412;\"><a href=\"https:\/\/i0.wp.com\/66.147.244.158\/~unirismo\/socdevi\/wp-content\/uploads\/2014\/05\/screenshot.png\"><img data-recalc-dims=\"1\" decoding=\"async\" class=\"alignleft size-thumbnail wp-image-27\" src=\"https:\/\/i0.wp.com\/66.147.244.158\/~unirismo\/socdevi\/wp-content\/uploads\/2014\/05\/screenshot-150x150.png?resize=150%2C150\" alt=\"Andrea Me\u0161anovi\u0107\" width=\"150\" height=\"150\" loading=\"lazy\" srcset=\"https:\/\/i0.wp.com\/mpeodd.uniri.hr\/wp-content\/uploads\/2014\/05\/screenshot.png?resize=150%2C150&amp;ssl=1 150w, https:\/\/i0.wp.com\/mpeodd.uniri.hr\/wp-content\/uploads\/2014\/05\/screenshot.png?zoom=2&amp;resize=150%2C150 300w, https:\/\/i0.wp.com\/mpeodd.uniri.hr\/wp-content\/uploads\/2014\/05\/screenshot.png?zoom=3&amp;resize=150%2C150 450w\" sizes=\"(max-width: 150px) 100vw, 150px\" \/><\/a><\/p>\n<p style=\"color: #141412;\">Andrea Me\u0161anovi\u0107, doctoral student (Philosophy) at the University of Rijeka<\/p>\n<p style=\"color: #141412;\">She investigates the issue of deviations from rational reasoning and behaviour, which are caused by systematic and predictable irrationality in human behaviour. She collaborates to the research by investigating the (institutional and extra-intuitional) judgments of deviance, from norms of rational behaviour and reasoning, which are caused by prejudices and stereotypes.<\/p>\n<div class=\"woo-sc-divider\"><\/div>\n<p><b>Collaborators from abroad<\/b><\/p>\n<p style=\"color: #141412;\"><a href=\"https:\/\/i0.wp.com\/66.147.244.158\/~unirismo\/socdevi\/wp-content\/uploads\/2014\/05\/screenshot4.png\"><img data-recalc-dims=\"1\" decoding=\"async\" class=\"alignleft size-thumbnail wp-image-33\" src=\"https:\/\/i0.wp.com\/66.147.244.158\/~unirismo\/socdevi\/wp-content\/uploads\/2014\/05\/screenshot4-150x150.png?resize=150%2C150\" alt=\"Miranda Fricker\" width=\"150\" height=\"150\" loading=\"lazy\"><\/a>Prof. Miranda Fricker (University of Sheffield) (<a style=\"color: #141412;\" href=\"http:\/\/www.shef.ac.uk\/philosophy\/staff\/profiles\/fricker\">Homepage<\/a>)<\/p>\n<p style=\"color: #141412;\"><div class=\"woo-sc-divider\"><\/div><\/p>\n<p style=\"color: #141412;\"><a href=\"https:\/\/i0.wp.com\/66.147.244.158\/~unirismo\/socdevi\/wp-content\/uploads\/2014\/05\/screenshot5.png\"><img data-recalc-dims=\"1\" decoding=\"async\" class=\"alignleft size-thumbnail wp-image-34\" src=\"https:\/\/i0.wp.com\/66.147.244.158\/~unirismo\/socdevi\/wp-content\/uploads\/2014\/05\/screenshot5-150x141.png?resize=150%2C141\" alt=\"John McMillan\" width=\"150\" height=\"141\" loading=\"lazy\"><\/a>Prof. John McMillan (University of Otago, New Zealand) (<a style=\"color: #141412;\" href=\"http:\/\/www.otago.ac.nz\/healthsciences\/expertise\/profile\/index.html?id=1279\">Homepage<\/a>)<\/p>\n<p>\u00a0<\/p>\n<\/body>","protected":false},"excerpt":{"rendered":"<p>Core Research Team\u00a0 Professor Snje\u017eana Priji\u0107-Samar\u017eija (CV,\u00a0Google scholar,\u00a0Croatian scientific bibliography) Principal Investigator. In her research on social epistemology emphasis is placed on the investigating the epistemic values of individual and collective epistemic actors (formal and informal groups, institutions, etc.). In this project she contributes to the investigation of the issues on whether and how deviant [&hellip;]<\/p>\n","protected":false},"author":1,"featured_media":0,"parent":0,"menu_order":0,"comment_status":"open","ping_status":"open","template":"","meta":{"footnotes":""},"class_list":["post-57","page","type-page","status-publish","hentry"],"jetpack_sharing_enabled":true,"_links":{"self":[{"href":"https:\/\/mpeodd.uniri.hr\/index.php?rest_route=\/wp\/v2\/pages\/57"}],"collection":[{"href":"https:\/\/mpeodd.uniri.hr\/index.php?rest_route=\/wp\/v2\/pages"}],"about":[{"href":"https:\/\/mpeodd.uniri.hr\/index.php?rest_route=\/wp\/v2\/types\/page"}],"author":[{"embeddable":true,"href":"https:\/\/mpeodd.uniri.hr\/index.php?rest_route=\/wp\/v2\/users\/1"}],"replies":[{"embeddable":true,"href":"https:\/\/mpeodd.uniri.hr\/index.php?rest_route=%2Fwp%2Fv2%2Fcomments&post=57"}],"version-history":[{"count":4,"href":"https:\/\/mpeodd.uniri.hr\/index.php?rest_route=\/wp\/v2\/pages\/57\/revisions"}],"predecessor-version":[{"id":65,"href":"https:\/\/mpeodd.uniri.hr\/index.php?rest_route=\/wp\/v2\/pages\/57\/revisions\/65"}],"wp:attachment":[{"href":"https:\/\/mpeodd.uniri.hr\/index.php?rest_route=%2Fwp%2Fv2%2Fmedia&parent=57"}],"curies":[{"name":"wp","href":"https:\/\/api.w.org\/{rel}","templated":true}]}}