{"id":215,"date":"2016-06-30T08:49:47","date_gmt":"2016-06-30T08:49:47","guid":{"rendered":"http:\/\/mpeodd.uniri.hr\/?page_id=215"},"modified":"2016-10-25T17:25:55","modified_gmt":"2016-10-25T17:25:55","slug":"zbornik","status":"publish","type":"page","link":"https:\/\/mpeodd.uniri.hr\/?page_id=215","title":{"rendered":"Zbornik"},"content":{"rendered":"<body><p>U nastavku mo\u017eete prona\u0107i\u00a0zbornik \u201cMoralni, politi\u010dki i epistemolo\u0161ki odgovori\u00a0na dru\u0161tvene devijacije\u201d koji je nastao kao rezultat istra\u017eivanja provedenog unutar istoimenoga znanstveno-istra\u017eiva\u010dkoga projekta na kojemu su urednici istovremeno bili i glavni istra\u017eiva\u010di, a ostali autori \u010dlanovi istra\u017eiva\u010dke skupine. Kao svjedoci razli\u010ditih vrsta otklona od prevladavaju\u0107eg, uobi\u010dajenoga, normalnoga, pozitivnog ili pona\u0161anja koje se karakterizira kao asocijalno, zapitali smo se \u2013 \u0161to postoje\u0107e \u010dini normom, treba li odstupanje od norme nu\u017eno smatrati devijacijom i kakvi su po\u017eeljni dru\u0161tveni odgovori na odstupanja od normi.<\/p>\n<p>Zbornik u pdf obliku:<a href=\"http:\/\/izdavastvo.ffri.hr\/moralni-politicki-epistemoloski-odgovori\/\">http:\/\/izdavastvo.ffri.hr\/moralni-politicki-epistemoloski-odgovori\/<\/a><\/p>\n<\/body>","protected":false},"excerpt":{"rendered":"<p>U nastavku mo\u017eete prona\u0107i\u00a0zbornik \u201cMoralni, politi\u010dki i epistemolo\u0161ki odgovori\u00a0na dru\u0161tvene devijacije\u201d koji je nastao kao rezultat istra\u017eivanja provedenog unutar istoimenoga znanstveno-istra\u017eiva\u010dkoga projekta na kojemu su urednici istovremeno bili i glavni istra\u017eiva\u010di, a ostali autori \u010dlanovi istra\u017eiva\u010dke skupine. Kao svjedoci razli\u010ditih vrsta otklona od prevladavaju\u0107eg, uobi\u010dajenoga, normalnoga, pozitivnog ili pona\u0161anja koje se karakterizira kao asocijalno, zapitali [&hellip;]<\/p>\n","protected":false},"author":2,"featured_media":0,"parent":0,"menu_order":0,"comment_status":"closed","ping_status":"closed","template":"","meta":{"footnotes":""},"class_list":["post-215","page","type-page","status-publish","hentry"],"jetpack_sharing_enabled":true,"_links":{"self":[{"href":"https:\/\/mpeodd.uniri.hr\/index.php?rest_route=\/wp\/v2\/pages\/215"}],"collection":[{"href":"https:\/\/mpeodd.uniri.hr\/index.php?rest_route=\/wp\/v2\/pages"}],"about":[{"href":"https:\/\/mpeodd.uniri.hr\/index.php?rest_route=\/wp\/v2\/types\/page"}],"author":[{"embeddable":true,"href":"https:\/\/mpeodd.uniri.hr\/index.php?rest_route=\/wp\/v2\/users\/2"}],"replies":[{"embeddable":true,"href":"https:\/\/mpeodd.uniri.hr\/index.php?rest_route=%2Fwp%2Fv2%2Fcomments&post=215"}],"version-history":[{"count":7,"href":"https:\/\/mpeodd.uniri.hr\/index.php?rest_route=\/wp\/v2\/pages\/215\/revisions"}],"predecessor-version":[{"id":227,"href":"https:\/\/mpeodd.uniri.hr\/index.php?rest_route=\/wp\/v2\/pages\/215\/revisions\/227"}],"wp:attachment":[{"href":"https:\/\/mpeodd.uniri.hr\/index.php?rest_route=%2Fwp%2Fv2%2Fmedia&parent=215"}],"curies":[{"name":"wp","href":"https:\/\/api.w.org\/{rel}","templated":true}]}}