{"id":159,"date":"2015-01-04T15:48:46","date_gmt":"2015-01-04T15:48:46","guid":{"rendered":"http:\/\/mpeodd.uniri.hr\/?page_id=159"},"modified":"2015-01-04T16:01:00","modified_gmt":"2015-01-04T16:01:00","slug":"ernie-gigante-deskovic","status":"publish","type":"page","link":"https:\/\/mpeodd.uniri.hr\/?page_id=159","title":{"rendered":"Ernie Gigante De\u0161kovi\u0107"},"content":{"rendered":"<body><p><\/p>\n<p style=\"color: #141412;\"><a href=\"https:\/\/i0.wp.com\/66.147.244.158\/~unirismo\/socdevi\/wp-content\/uploads\/2014\/05\/screenshot2.png\"><img data-recalc-dims=\"1\" decoding=\"async\" class=\"  wp-image-30 alignleft\" src=\"https:\/\/i0.wp.com\/66.147.244.158\/~unirismo\/socdevi\/wp-content\/uploads\/2014\/05\/screenshot2-277x300.png?resize=159%2C172\" alt=\"Ernie Gigante De\u0161kovi\u0107\" width=\"159\" height=\"172\" loading=\"lazy\" srcset=\"https:\/\/i0.wp.com\/mpeodd.uniri.hr\/wp-content\/uploads\/2014\/05\/screenshot2.png?resize=277%2C300&amp;ssl=1 277w, https:\/\/i0.wp.com\/mpeodd.uniri.hr\/wp-content\/uploads\/2014\/05\/screenshot2.png?w=291&amp;ssl=1 291w\" sizes=\"(max-width: 159px) 100vw, 159px\" \/><\/a><\/p>\n<p style=\"color: #141412;\">\n<\/p><p style=\"color: #141412;\">\n<\/p><p style=\"color: #141412;\">\n<\/p><p style=\"color: #141412;\">\n<\/p><p style=\"color: #141412;\">\n<\/p><p style=\"color: #141412;\">Ernie Gigante De\u0161kovi\u0107, doktorand (Filozofija) u Rijeci<br>\nBavi se pitanjima demokratskog odlu\u010divanja, s posebnim osvrtom na procedure koje jam\u010de izbjegavanje takozvanih suverenih zala, poput kr\u0161enja temeljnih ljudskih prava i poput diskriminacije, u sklopu razmi\u0161ljanja koja je pokrenuo Stuart Hampshire, a recentno oblikovao Derek Edyvane.<\/p>\n<p><strong>1.\u00a0\u00a0Sudjelovanje na me\u0111unarodnim i doma\u0107im skupovima, tribinama, okruglim stolovima (stru\u010dne aktivnosti):<\/strong><\/p>\n<ul>\n<li>\u201cLinguistic diversity in the Northren Adriatic region\u201d, tribina, Rijeka, u organizaciji Centre Maurits Coppieters\u00a0\u00a0\u2013 Bruxelles (2014)<\/li>\n<li>organizator i sudionik \u010detverodnevnog \u201cFestivala knji\u017eevnosti\u201d (predavanja, tribine i okrugli stolovi), Rijeka, u organizaciji HKD (2014)<\/li>\n<\/ul>\n<p><strong>2.\u00a0Objavljeni rad:<\/strong><\/p>\n<ul>\n<li>\u201cAbout Identity\u201d, \u010dasopis Knji\u017eevno pero \u2013 Literary pen (2012 -2014)<\/li>\n<\/ul>\n<p><\/p>\n<\/body>","protected":false},"excerpt":{"rendered":"<p>Ernie Gigante De\u0161kovi\u0107, doktorand (Filozofija) u Rijeci Bavi se pitanjima demokratskog odlu\u010divanja, s posebnim osvrtom na procedure koje jam\u010de izbjegavanje takozvanih suverenih zala, poput kr\u0161enja temeljnih ljudskih prava i poput diskriminacije, u sklopu razmi\u0161ljanja koja je pokrenuo Stuart Hampshire, a recentno oblikovao Derek Edyvane. 1.\u00a0\u00a0Sudjelovanje na me\u0111unarodnim i doma\u0107im skupovima, tribinama, okruglim stolovima (stru\u010dne aktivnosti): [&hellip;]<\/p>\n","protected":false},"author":2,"featured_media":0,"parent":0,"menu_order":0,"comment_status":"open","ping_status":"open","template":"","meta":{"footnotes":""},"class_list":["post-159","page","type-page","status-publish","hentry"],"jetpack_sharing_enabled":true,"_links":{"self":[{"href":"https:\/\/mpeodd.uniri.hr\/index.php?rest_route=\/wp\/v2\/pages\/159"}],"collection":[{"href":"https:\/\/mpeodd.uniri.hr\/index.php?rest_route=\/wp\/v2\/pages"}],"about":[{"href":"https:\/\/mpeodd.uniri.hr\/index.php?rest_route=\/wp\/v2\/types\/page"}],"author":[{"embeddable":true,"href":"https:\/\/mpeodd.uniri.hr\/index.php?rest_route=\/wp\/v2\/users\/2"}],"replies":[{"embeddable":true,"href":"https:\/\/mpeodd.uniri.hr\/index.php?rest_route=%2Fwp%2Fv2%2Fcomments&post=159"}],"version-history":[{"count":4,"href":"https:\/\/mpeodd.uniri.hr\/index.php?rest_route=\/wp\/v2\/pages\/159\/revisions"}],"predecessor-version":[{"id":176,"href":"https:\/\/mpeodd.uniri.hr\/index.php?rest_route=\/wp\/v2\/pages\/159\/revisions\/176"}],"wp:attachment":[{"href":"https:\/\/mpeodd.uniri.hr\/index.php?rest_route=%2Fwp%2Fv2%2Fmedia&parent=159"}],"curies":[{"name":"wp","href":"https:\/\/api.w.org\/{rel}","templated":true}]}}