{"id":156,"date":"2015-01-04T15:47:21","date_gmt":"2015-01-04T15:47:21","guid":{"rendered":"http:\/\/mpeodd.uniri.hr\/?page_id=156"},"modified":"2015-01-04T15:47:21","modified_gmt":"2015-01-04T15:47:21","slug":"ana-smokrovic","status":"publish","type":"page","link":"https:\/\/mpeodd.uniri.hr\/?page_id=156","title":{"rendered":"Ana Smokrovi\u0107"},"content":{"rendered":"<body><p><\/p><a href=\"https:\/\/i0.wp.com\/66.147.244.158\/~unirismo\/socdevi\/wp-content\/uploads\/2014\/05\/screenshot3.png\"><img data-recalc-dims=\"1\" decoding=\"async\" class=\"  wp-image-31 alignleft\" src=\"https:\/\/i0.wp.com\/66.147.244.158\/~unirismo\/socdevi\/wp-content\/uploads\/2014\/05\/screenshot3.png?resize=174%2C166\" alt=\"Ana Smokrovi\u0107\" width=\"174\" height=\"166\" loading=\"lazy\"><\/a>Ana Smokrovi\u0107, doktorandica (Filozofija) u Rijeci<br>\nBavi se pitanjem utjecaja strukturalne mo\u0107i (institucija, sustava) na pojednince te potencijalnih nepravdi koje odre\u0111eno razumijevanje normi i vrijednosti mo\u017ee imati na pojedinca (konstituiranje subjekta, samo-razumijevanje, samo-po\u0161tovanje i sl.).\n<p>\u00a0<\/p>\n<p>\u00a0<\/p>\n<p><strong>\u00a01. Objavljeni radovi:<\/strong><\/p>\n<ul>\n<li>\u201cBiopolitics and Human Organ Trafficking\u201d, zbornik radova s konferencije \u201eAntologije krijum\u010darenja\u201d, MMSU \u2013 Rijeka, (u tisku)<\/li>\n<\/ul>\n<p><strong>2. Sudjelovanje na znanstvenim skupovima i radionicama (stru\u010dne aktivnosti)<\/strong><\/p>\n<ul>\n<li>pozvano predavanje u sklopu \u201cFeministi\u010dke ljetne \u0161kole\u201d u organizaciji Centra za zdravo odrastanje \u201cIdem i ja\u201d, Mali Lo\u0161inj, 19.-27. srpnja 2014.<\/li>\n<\/ul>\n<p><strong>3. Projekti<\/strong><\/p>\n<ul>\n<li>suradnica na projektu Hrvatske zaklade za znanost \u201eFraming the Nation and Collective Identity in Croatia: Political Rituals and the Cultural Memory of Twentieth Century Traumas\u201c, voditelj projekta: doc. dr.sc. Vjeran Pavlakovi\u0107<\/li>\n<\/ul>\n<h5><\/h5>\n<p><\/p>\n<\/body>","protected":false},"excerpt":{"rendered":"<p>Ana Smokrovi\u0107, doktorandica (Filozofija) u Rijeci Bavi se pitanjem utjecaja strukturalne mo\u0107i (institucija, sustava) na pojednince te potencijalnih nepravdi koje odre\u0111eno razumijevanje normi i vrijednosti mo\u017ee imati na pojedinca (konstituiranje subjekta, samo-razumijevanje, samo-po\u0161tovanje i sl.). \u00a0 \u00a0 \u00a01. Objavljeni radovi: \u201cBiopolitics and Human Organ Trafficking\u201d, zbornik radova s konferencije \u201eAntologije krijum\u010darenja\u201d, MMSU \u2013 Rijeka, (u [&hellip;]<\/p>\n","protected":false},"author":2,"featured_media":0,"parent":2,"menu_order":0,"comment_status":"open","ping_status":"open","template":"","meta":{"footnotes":""},"class_list":["post-156","page","type-page","status-publish","hentry"],"jetpack_sharing_enabled":true,"_links":{"self":[{"href":"https:\/\/mpeodd.uniri.hr\/index.php?rest_route=\/wp\/v2\/pages\/156"}],"collection":[{"href":"https:\/\/mpeodd.uniri.hr\/index.php?rest_route=\/wp\/v2\/pages"}],"about":[{"href":"https:\/\/mpeodd.uniri.hr\/index.php?rest_route=\/wp\/v2\/types\/page"}],"author":[{"embeddable":true,"href":"https:\/\/mpeodd.uniri.hr\/index.php?rest_route=\/wp\/v2\/users\/2"}],"replies":[{"embeddable":true,"href":"https:\/\/mpeodd.uniri.hr\/index.php?rest_route=%2Fwp%2Fv2%2Fcomments&post=156"}],"version-history":[{"count":2,"href":"https:\/\/mpeodd.uniri.hr\/index.php?rest_route=\/wp\/v2\/pages\/156\/revisions"}],"predecessor-version":[{"id":158,"href":"https:\/\/mpeodd.uniri.hr\/index.php?rest_route=\/wp\/v2\/pages\/156\/revisions\/158"}],"up":[{"embeddable":true,"href":"https:\/\/mpeodd.uniri.hr\/index.php?rest_route=\/wp\/v2\/pages\/2"}],"wp:attachment":[{"href":"https:\/\/mpeodd.uniri.hr\/index.php?rest_route=%2Fwp%2Fv2%2Fmedia&parent=156"}],"curies":[{"name":"wp","href":"https:\/\/api.w.org\/{rel}","templated":true}]}}