{"id":147,"date":"2015-01-04T15:42:43","date_gmt":"2015-01-04T15:42:43","guid":{"rendered":"http:\/\/mpeodd.uniri.hr\/?page_id=147"},"modified":"2015-01-04T15:45:37","modified_gmt":"2015-01-04T15:45:37","slug":"inka-miskulin","status":"publish","type":"page","link":"https:\/\/mpeodd.uniri.hr\/?page_id=147","title":{"rendered":"Inka Mi\u0161kulin"},"content":{"rendered":"<body><p><\/p><a href=\"https:\/\/i0.wp.com\/66.147.244.158\/~unirismo\/socdevi\/wp-content\/uploads\/2014\/05\/inka_miskulin_th.png\"><img data-recalc-dims=\"1\" decoding=\"async\" class=\"  wp-image-26 alignleft\" src=\"https:\/\/i0.wp.com\/66.147.244.158\/~unirismo\/socdevi\/wp-content\/uploads\/2014\/05\/inka_miskulin_th-150x150.png?resize=169%2C169\" alt=\"Inka Mi\u0161kulin\" width=\"169\" height=\"169\" loading=\"lazy\" srcset=\"https:\/\/i0.wp.com\/mpeodd.uniri.hr\/wp-content\/uploads\/2014\/05\/inka_miskulin_th.png?resize=150%2C150&amp;ssl=1 150w, https:\/\/i0.wp.com\/mpeodd.uniri.hr\/wp-content\/uploads\/2014\/05\/inka_miskulin_th.png?w=242&amp;ssl=1 242w\" sizes=\"(max-width: 169px) 100vw, 169px\" \/><\/a>\n<p>Inka Mi\u0161kulin, psihoterapeut i doktorand (Filozofija) u RijeciBavi se pitanjem epistemi\u010dkih vrijednosti u psihoterapeutskom komunikacijskom aktu, posebice istra\u017eivanjem vrijednosti epistemi\u010dke nepravde (hermeneuti\u010dke i nepravde u svjedo\u010denju), odnosno, pitanjem deficita povjerenja koji se iskazuje prema pacijentu, a utemeljenom na predrasudama i stereotipovima.<\/p>\n<p>\u00a0<\/p>\n<p>\u00a0<\/p>\n<p><strong>1. Sudjelovanje s radom na me\u0111unarodnom znanstvenom skupu<\/strong><\/p>\n<ul>\n<li>Snje\u017eana Priji\u0107-Samar\u017eija and Inka Mi\u0161kulin:\u00a0<em>\u201eVirtue psychotherapy: epistemic values in psychotherapy\u201c<\/em>, Faculty of Humanities and Social Sceineces, University of Rijeka, Conference: Derek Bolton on mental disorder (31.10.2014).<\/li>\n<li>Inka Mi\u0161kulin: \u201c<em>Psychotherapist is the expert: two opposite views<\/em>\u201c,\u00a0\u00a0International collaborative and dialogical symposium \u201eWho is the expert here?\u201c in the areas of: mental health, addictions, education, social exclusion, 21-22.11. 2014, Brno<\/li>\n<\/ul>\n<p><strong>2. Objavljeni radovi:<\/strong><\/p>\n<ul>\n<li>Inka Mi\u0161kulin:\u00a0<em>Communication skills that are necessary to the magistrate and other legal practitioners in order to overcome difficulties that appeared in the process of recommendation of cross-border mediation<\/em>, Legal instruments and procedures applicable in cross-border family mediation, p.72-97, The Giudebook for magistrates and other legal practitioners \u2013 EU funded project JUST\/2013\/JCIV\/AG\/4628 \u201cJudicial Intercultural Communication in Family Mediation\u201d .Craiova Court of Appeals, Romania,2014<\/li>\n<li>Inka Mi\u0161kulin:\u00a0<em>Kibernetika psihoterapije<\/em>\u00a0, str.327-338., Psihoterapijski pravci, urednice D.Kozari\u0107-Kova\u010di\u0107 i T.Fran\u010di\u0161kovi\u0107, Medicinska Naklada, Zagreb, 2014.<\/li>\n<\/ul>\n<p><strong>3. Aktivno sudjelovanje na me\u0111unarodnim i doma\u0107im skupovima, radionicama, predavanjima, okruglim stolovima i tribinama (stru\u010dne aktivnosti)<\/strong><\/p>\n<ul>\n<li>Inka Mi\u0161kulin and Ilinka Serdarevi\u0107:\u00a0<em>\u201e Neuroscience in psychotherapy\u201c<\/em>,workshop, School for cybernetics and system therapy, Rijeka (08.03.2104.)<\/li>\n<li>Anamaria Bla\u017ei\u0107 i Inka Mi\u0161kulin:<em>\u201cTeorija konverzacije i dijalo\u0161ka praksa u psihoterapiji\u201c<\/em>, workshop, School for cybernetics and system therapy , Rijeka (23-24.05.2014.)<\/li>\n<li>Inka Mi\u0161kulin:\u00a0<em>Intercultural character of cross-border mediation. Theory and practical methods of application of cross-border mediation<\/em>, JUDICAL INTERCULTURAL COMMUNICATION IN FAMILY MEDIATION , workshop, Opatija (22-25.09.2014.)<\/li>\n<li>Inka Mi\u0161kulin:\u00a0<em>Communication skills that are necessary to the Magistrate in order to overcome difficulties that appeared in the process of recommendation of cross-border mediation<\/em>, JUDICAL INTERCULTURAL COMMUNICATION IN FAMILY MEDIATION , workshop, Opatija (22.-25.09.2014.)<\/li>\n<li>Inka Mi\u0161kulin and Zrinka Ri\u010dka-\u017dauhar:\u00a0<em>\u201eWhat is the knowledge in psychotherapy?\u00a0<\/em>(workshop) workshop, School for cybernetics and system therapy , Rijeka\u00a0<em>(<\/em>11.2014.)<\/li>\n<li>Inka Mi\u0161kulin \u2013 voditelj tribine\u00a0<em>\u201ePsiholo\u0161ka pomo\u0107 onkolo\u0161kim pacijentima\u201c,<\/em>\u00a0Gradska vije\u0107nica u okviru 7. Tjedna psihologije u Hrvatskoj, (18.02.2014.)<\/li>\n<li><em>\u201eHypnosis as the Condition for Psychotherapy\u201c<\/em>,6 Lectures in Rijeka Lecturer: Graham Barnes, MA, STB, PhD ( Inka Mi\u0161kulin kao organizator), (26.-27.9. 2014.)<\/li>\n<li>Inka Mi\u0161kulin, predavanje:\u00a0<em>\u201cPsiholo\u0161ki momenti kod onkolo\u0161kog bolesnika\u201d<\/em>, Gradska vije\u0107nica, Rijeka, (03.10.2014.)<\/li>\n<li>Inka Mi\u0161kulin: uvodno predavanje:\u00a0<em>\u201eEpistemi\u010dki pravedan pristup psihoti\u010dnim pacijentima\u201c<\/em>\u00a0na projekciji filma \u201eOpen dialogue\u201c D.Mackler, Gradska vije\u0107nica, Rijeka (26.11.2014.)<\/li>\n<\/ul>\n<p><strong>4. Voditeljica stru\u010dnih projekta<\/strong><\/p>\n<ul>\n<li>Inka Mi\u0161kulin i Zrinka Ri\u010dka \u2013\u017dauhar ,voditelji projekta:\u00a0<em>PROGRAM ZA EDUKACIJU ZA UVO\u0110ENJE NOVIH USLUGA U SOCIJALNU SKRB<\/em>, Edukacija za stru\u010dne radnike Dje\u010djih domova u procesu transformacije dje\u010djih ustanova (2014\/2015)<\/li>\n<li>Inka Mi\u0161kulin- voditelj projekta Ministarstva zdravlja RH \u2013 PSIHOSOCIJALNA PODR\u0160KA-POMO\u0106 \u017dENAMA OBOLJELIMA OD RAKA DOJKE I NJIHOVIM OBITELJIMA u Primorsko-Goranskoj \u017eupaniji (2013\/2014)<\/li>\n<\/ul>\n<p>\u00a0<\/p>\n<\/body>","protected":false},"excerpt":{"rendered":"<p>Inka Mi\u0161kulin, psihoterapeut i doktorand (Filozofija) u RijeciBavi se pitanjem epistemi\u010dkih vrijednosti u psihoterapeutskom komunikacijskom aktu, posebice istra\u017eivanjem vrijednosti epistemi\u010dke nepravde (hermeneuti\u010dke i nepravde u svjedo\u010denju), odnosno, pitanjem deficita povjerenja koji se iskazuje prema pacijentu, a utemeljenom na predrasudama i stereotipovima. \u00a0 \u00a0 1. Sudjelovanje s radom na me\u0111unarodnom znanstvenom skupu Snje\u017eana Priji\u0107-Samar\u017eija and Inka [&hellip;]<\/p>\n","protected":false},"author":2,"featured_media":0,"parent":2,"menu_order":0,"comment_status":"open","ping_status":"open","template":"","meta":{"footnotes":""},"class_list":["post-147","page","type-page","status-publish","hentry"],"jetpack_sharing_enabled":true,"_links":{"self":[{"href":"https:\/\/mpeodd.uniri.hr\/index.php?rest_route=\/wp\/v2\/pages\/147"}],"collection":[{"href":"https:\/\/mpeodd.uniri.hr\/index.php?rest_route=\/wp\/v2\/pages"}],"about":[{"href":"https:\/\/mpeodd.uniri.hr\/index.php?rest_route=\/wp\/v2\/types\/page"}],"author":[{"embeddable":true,"href":"https:\/\/mpeodd.uniri.hr\/index.php?rest_route=\/wp\/v2\/users\/2"}],"replies":[{"embeddable":true,"href":"https:\/\/mpeodd.uniri.hr\/index.php?rest_route=%2Fwp%2Fv2%2Fcomments&post=147"}],"version-history":[{"count":3,"href":"https:\/\/mpeodd.uniri.hr\/index.php?rest_route=\/wp\/v2\/pages\/147\/revisions"}],"predecessor-version":[{"id":151,"href":"https:\/\/mpeodd.uniri.hr\/index.php?rest_route=\/wp\/v2\/pages\/147\/revisions\/151"}],"up":[{"embeddable":true,"href":"https:\/\/mpeodd.uniri.hr\/index.php?rest_route=\/wp\/v2\/pages\/2"}],"wp:attachment":[{"href":"https:\/\/mpeodd.uniri.hr\/index.php?rest_route=%2Fwp%2Fv2%2Fmedia&parent=147"}],"curies":[{"name":"wp","href":"https:\/\/api.w.org\/{rel}","templated":true}]}}