{"id":123,"date":"2015-01-04T15:18:58","date_gmt":"2015-01-04T15:18:58","guid":{"rendered":"http:\/\/mpeodd.uniri.hr\/?page_id=123"},"modified":"2015-01-04T15:59:10","modified_gmt":"2015-01-04T15:59:10","slug":"123-2","status":"publish","type":"page","link":"https:\/\/mpeodd.uniri.hr\/?page_id=123","title":{"rendered":"Snje\u017eana Priji\u0107 &#8211; Samar\u017eija"},"content":{"rendered":"<body><p><\/p>\n<p style=\"text-align: left;\"><a href=\"https:\/\/i0.wp.com\/66.147.244.158\/~unirismo\/socdevi\/wp-content\/uploads\/2014\/05\/snjzeana-prijic-samardzija.jpg\"><img data-recalc-dims=\"1\" decoding=\"async\" class=\"  wp-image-24 alignleft\" src=\"https:\/\/i0.wp.com\/66.147.244.158\/~unirismo\/socdevi\/wp-content\/uploads\/2014\/05\/snjzeana-prijic-samardzija-150x150.jpg?resize=182%2C182\" alt=\"Snje\u017eana Priji\u0107 - Samar\u017eija\" width=\"182\" height=\"182\" loading=\"lazy\"><\/a><\/p>\n<p style=\"text-align: left;\">\n<\/p><p style=\"text-align: left;\">\n<\/p><p style=\"text-align: left;\">\n<\/p><p style=\"text-align: left;\">\n<\/p><p style=\"text-align: left;\">\n<\/p><p style=\"text-align: left;\"><a href=\"http:\/\/portal.uniri.hr\/portfelj\/prijic@uniri.hr\" target=\"_blank\">Dr. sc. Snje\u017eana Priji\u0107-Samar\u017eija, red. prof<\/a>. (<a style=\"color: #bc360a;\" href=\"https:\/\/portal.uniri.hr\/portfelj\/sprijic@ffri.hr\">Portfelj<\/a>,\u00a0<a style=\"color: #bc360a;\" href=\"http:\/\/scholar.google.hr\/citations?user=bzDESK0AAAAJ&amp;hl=hr&amp;oi=ao\">Google znalac<\/a>,\u00a0<a style=\"color: #bc360a;\" href=\"http:\/\/bib.irb.hr\/lista-radova?autor=230955\">Crosbi<\/a>)<br>\nVoditeljica projekta. U dijelu istra\u017eivanja socijalne epistemologije, naglasak \u0107e biti stavljen na istra\u017eivanje epistemi\u010dkih vrijednosti individualnih i kolektivnih epistemi\u010dki aktera (formalnih i neformalnih skupina, institucija i sl.). U ukupnom istra\u017eivanju sudjelovat \u0107e instra\u017eivanjem seksualnih pona\u0161anja koja se potencijalno mogu smatrati otklonom od uobi\u010dajenog ili dopustivog pozitivnim moralom (preljub, izvanbra\u010dne zajednice, prostitucija, pedofilija, silovanje i dr.). U statusu mentorice i komentorice provodit \u0107e istra\u017eivanja sa suradnicama na projektu: Inkom Mi\u0161kulin, Andreom Me\u0161anovi\u0107 i Anom Smokrovi\u0107.<\/p>\n<p style=\"text-align: left;\"><strong>1. Znanstveni radovi (izvorni znanstveni \u010dlanci)<\/strong><\/p>\n<ul>\n<li>Snje\u017eana Priji\u0107 \u2013 Samar\u017eija, (2014) \u00abEpistemi\u010dko opravdanje demokracije: epistemi\u010dka vrijednost proceduralne pravi\u010dnosti\u00bb,\u00a0<em>Prolegomena<\/em>, Vol. 13., No. 2, 373-392.(Scopus)<\/li>\n<li>Snje\u017eana Priji\u0107 \u2013 Samar\u017eija (2014), \u00abHybrid Virtues\u00bb,\u00a0<em>Etica e Politica \/\u00a0Ethics and Politics, Vol. XVI, No. 2, pp. 1167 \u2013 1180\u00a0<\/em>(Scopus), http:\/\/www2.units.it\/etica\/2014_2\/PRIJIC.pdf<\/li>\n<li>Snje\u017eana Priji\u0107 \u2013 Samar\u017eija &amp; Petar Bojani\u0107, (2015) \u00abSocial Epistemology Between Revisionism and Expansionism\u00bb,\u00a0<em>European Journal for Analytic Philosophy<\/em>\u00a0(u tisku) (A1)<\/li>\n<li>Snje\u017eana Priji\u0107 \u2013 Samar\u017eija, (2015) \u00abSocijalna epistemologija: konsensus i\/ili stru\u010dnjaci \u201c,\u00a0<em>Zbornik Filozofskog fakulteta, Univerizitet u Beogradu<\/em>, (u tisku) (A1)<\/li>\n<li>Snje\u017eana Priji\u0107 \u2013 Samar\u017eija (2015), \u00abTrust, Evidentialism and Doxastic (in)voluntarism\u00bb,\u00a0<em>Rivista Di Estetica<\/em>\u00a0(u tisku) (A1)<\/li>\n<\/ul>\n<p><strong>\u00a02. Sudjelovanje s radovima na me\u0111unarodnim znanstvenim skupovima<\/strong><\/p>\n<ul>\n<li>\u00abMetaepistemology\u00bb, znanstveni skup\u00a0<em>Metaphilosophy<\/em>, Faculty of Humanities and Social Sciences, University of Rijeka, 18.3.2014.<\/li>\n<li>\u00abHybrid Virtue\u00bb, LUISS Rome (pozvano predavanje), 17.1. 2014.<\/li>\n<li>\u00ab\u0160to je rad: konceptualni i moralni pristup radu\/Labour: cocneptual analysis and ethical consequences\u00bb, znantveni skup\u00a0<em>Men and Industry\/\u010covjek i rad<\/em>, University of Rijeka, 24.-25.4. 2014.<\/li>\n<li>\u00abDemocracy and Expertism\u00bb,\u00a0<em>Summer School Equality and Citizenship<\/em>, Faculty of Humanities and Social Sciences, University of Rijeka, 30.6. \u2013 5.7.6.2014.<\/li>\n<li>\u201cVirtue psychotheprapy: The epistemic values in psychoteraphy\u201d (s Inkom Mi\u0161kulin),\u00a0<em>Derek Bolton on Mental Disoredr<\/em>, Faculty of Humanities and Social Sciences, University of Rijeka, 31.10.2014.<\/li>\n<li>\u00abPolitical (ethical) and epistemic justification of democracy\u00bb, znantveni skup\u00a0<em>Democracy, Identity and European Integration<\/em>, Faculty of Humanities and Social Sciences, University of Rijeka , 24. -25.11.2014.<\/li>\n<li>\u00abNasilje i pravo na \u017eivot bez nasilja\u00bb, Koraci za budu\u0107nost bez nasilja \u2013 nasilje i mladi, Nastavni zavod za javno zdravstvo PG\u017d, Hotel Adriatic, Opatija, 20.11.2014.<\/li>\n<li>\u00abAkademski integritet izme\u0111u vrijednosti, na\u010dela i provedbe\u00bb, 16. Rije\u010dki dani (bio)etike \u00abEtika u znanstvenom istra\u017eivanju\u00bb, University of Rijeka, 9.5.2014.<\/li>\n<li>\u00abWomen in Higher Education and Sciences\u00bb, (s Andreom Me\u0161anovi\u0107 i Janom A\u017ei\u0107), 16. Rije\u010dki dani (bio)etike \u00abEtika u znanstvenom istra\u017eivanju\u00bb, Faculty of Medicine, University of Rijeka, 8.5.2014.<\/li>\n<li>\u00abEurope\/European studies\/European Interdisciplinary Studies\u00bb, znanstveni skup (<em>New) Challenges for Europe\u00a0in a Changing a\u00a0World\/ Knowledge for Europe \u02dd,\u00a0<\/em>University of Rijeka\u00a0 (20. \u2013 21. 10. 2014.)<\/li>\n<\/ul>\n<p><strong>3. Sudjelovanje na me\u0111unarodnim skupovima (moderiranje panela na znanstvenom skupu, tribine, okrugli stolovi, konzultacije i sl.)<\/strong><\/p>\n<ul>\n<li>Predavanje \u00abHybrid virtues\u00bb,\u00a0me\u0111unarodni skup studenta Filozofije, 22.5.2014.<\/li>\n<li>Alpbach Political Syposium, Europen Forum Alpbach, 24. -26.8.2014.<\/li>\n<li>\u201cWhat Makes New Forms of Authoritarianism so Attractive? \u2013 Rethinking the Shades between Authoritarian and Democratic Rule\u201d Wissenschaftszentrum Berlin and Wissenschaftkolleg zu Berlin,\u00a0Berlin,\u00a06 \u2013 7.11. 2014.<\/li>\n<li>\u00abEpistemic Paternalism and trust in epistemic authorities\u00bb debate with Alan Goldman (Univesity of Virginia, USA), Opatija, 11.12.2014.<\/li>\n<\/ul>\n<p><strong>\u00a04. Organizacija skupova<\/strong><\/p>\n<ul>\n<li>Ljetna \u0161kola \u02dd Equality and Citizenship\u02dd \u2013 od 30. 06. do 05. 07. 2014\u00a0<em>(u organizaciji Odsjeka za filozofiju filozofskog fakulteta, Centra za napredne studije jugoisto\u010dne Europe,<\/em><em>Sveu\u010dili\u0161te\u00a0<\/em><em>Pompeu Fabra, Barcelona, i Sveu\u010dili\u0161te Leeds\u00a0<\/em><\/li>\n<li>Konferencija \u02dd(New) Challenges for Europe\u00a0in a Changing a\u00a0World\/ Knowledge for Europe \u02dd \u2013 20. i 21. 10. 2014. (<em>u organizaciji Ministarstva vanjskih i europskih poslova, Sveu\u010dili\u0161ta u Rijeci i Centra za napredne studije jugoisto\u010dne Europe<\/em>)<\/li>\n<li>Konferencija Democracy, Identity and European Integration \u2013 24. i 25. 11. 2014.\u00a0<em>(u organizaciji Odsjeka za filozofiju Filozofskog fakulteta i Centra za napredne studije jugoisto\u010dne Europe)<\/em><\/li>\n<li>Organizacija gostovanja i skupova:\n<ul>\n<li>Peter Eisenman, Yale School of Arhitecture, University of Rijeka,\u00a010.6. 2014<\/li>\n<li>\u201cThe Performing Image, or How the Visual Dimension is Enacted by \u00a0Pictures\u02dd, Chiara Cappel, letto, University of Milan, , Faculty of Humanities and Social Sciences, 17.4. 2014<\/li>\n<li>\u02ddCitizenship as a Space of Law: the case of the new states of South East Europe\u02dd , Jo Shaw, The University of Edinburgh, Edinburgh Law School Director of the Institute for Advanced Studies in the Humanities Introduction and\u00a0dr. Igor Stiks, The University od Edinburgh, March, 2104.<\/li>\n<\/ul>\n<\/li>\n<\/ul>\n<p><strong>\u00a05. Projekti<\/strong><\/p>\n<ul>\n<li>Sudjelovanje u pripremi projekta \u2013 Start Danube Region Project Fund: Projekt: \u02ddYoung researchers from the Danube Region going to ERA\u02dd, Partneri: Institute for the Danube Region and Central Europe \u2013 IDM, Institute for Philosophy and Social Theory, University of Belgrade<\/li>\n<li>Sudjelovanje u pripremi projekta \u2013 Erassmus plus: Projekt : \u02ddOpen\u00a0Mind\u00a0Project\u02dd, Partneri: Mim Edizioni \u00a0srl \u2013IT, Universit\u00e0 degli studi di Udine, Udine IT, \u00c9cole des Hautes \u00c9tudes en Sciences Sociales (EHESS), Paris, University of Westminster, University of Rijeka \u2013 Center for Advanced studies, Rijeka, Nov Bulgarski Universitet \u2013 New Bulgarian University, Sofia BG<\/li>\n<\/ul>\n<p>6.\u00a0<strong>Sudjelovanje na nizu okruglih stolova, tribina posve\u0107enih temama poba\u010daja, homoseksualnosti, rodnim pitanjima i sl.<\/strong><\/p>\n<\/body>","protected":false},"excerpt":{"rendered":"<p>Dr. sc. Snje\u017eana Priji\u0107-Samar\u017eija, red. prof. (Portfelj,\u00a0Google znalac,\u00a0Crosbi) Voditeljica projekta. U dijelu istra\u017eivanja socijalne epistemologije, naglasak \u0107e biti stavljen na istra\u017eivanje epistemi\u010dkih vrijednosti individualnih i kolektivnih epistemi\u010dki aktera (formalnih i neformalnih skupina, institucija i sl.). U ukupnom istra\u017eivanju sudjelovat \u0107e instra\u017eivanjem seksualnih pona\u0161anja koja se potencijalno mogu smatrati otklonom od uobi\u010dajenog ili dopustivog pozitivnim moralom [&hellip;]<\/p>\n","protected":false},"author":2,"featured_media":0,"parent":0,"menu_order":0,"comment_status":"open","ping_status":"open","template":"","meta":{"footnotes":""},"class_list":["post-123","page","type-page","status-publish","hentry"],"jetpack_sharing_enabled":true,"_links":{"self":[{"href":"https:\/\/mpeodd.uniri.hr\/index.php?rest_route=\/wp\/v2\/pages\/123"}],"collection":[{"href":"https:\/\/mpeodd.uniri.hr\/index.php?rest_route=\/wp\/v2\/pages"}],"about":[{"href":"https:\/\/mpeodd.uniri.hr\/index.php?rest_route=\/wp\/v2\/types\/page"}],"author":[{"embeddable":true,"href":"https:\/\/mpeodd.uniri.hr\/index.php?rest_route=\/wp\/v2\/users\/2"}],"replies":[{"embeddable":true,"href":"https:\/\/mpeodd.uniri.hr\/index.php?rest_route=%2Fwp%2Fv2%2Fcomments&post=123"}],"version-history":[{"count":10,"href":"https:\/\/mpeodd.uniri.hr\/index.php?rest_route=\/wp\/v2\/pages\/123\/revisions"}],"predecessor-version":[{"id":125,"href":"https:\/\/mpeodd.uniri.hr\/index.php?rest_route=\/wp\/v2\/pages\/123\/revisions\/125"}],"wp:attachment":[{"href":"https:\/\/mpeodd.uniri.hr\/index.php?rest_route=%2Fwp%2Fv2%2Fmedia&parent=123"}],"curies":[{"name":"wp","href":"https:\/\/api.w.org\/{rel}","templated":true}]}}