{"id":117,"date":"2015-01-04T15:14:05","date_gmt":"2015-01-04T15:14:05","guid":{"rendered":"http:\/\/mpeodd.uniri.hr\/?page_id=117"},"modified":"2015-01-04T21:27:15","modified_gmt":"2015-01-04T21:27:15","slug":"suradnja-i-projekti","status":"publish","type":"page","link":"https:\/\/mpeodd.uniri.hr\/?page_id=117","title":{"rendered":"Suradnja i projekti"},"content":{"rendered":"<body><p><\/p><a href=\"https:\/\/i0.wp.com\/66.147.244.158\/~unirismo\/socdevi\/wp-content\/uploads\/2015\/01\/Hangs.jpg\"><img data-recalc-dims=\"1\" decoding=\"async\" class=\"alignleft wp-image-183 size-medium\" src=\"https:\/\/i0.wp.com\/66.147.244.158\/~unirismo\/socdevi\/wp-content\/uploads\/2015\/01\/Hangs-300x300.jpg?resize=300%2C300\" alt=\"Hangs\" width=\"300\" height=\"300\" loading=\"lazy\" srcset=\"https:\/\/i0.wp.com\/mpeodd.uniri.hr\/wp-content\/uploads\/2015\/01\/Hangs.jpg?resize=300%2C300&amp;ssl=1 300w, https:\/\/i0.wp.com\/mpeodd.uniri.hr\/wp-content\/uploads\/2015\/01\/Hangs.jpg?resize=150%2C150&amp;ssl=1 150w, https:\/\/i0.wp.com\/mpeodd.uniri.hr\/wp-content\/uploads\/2015\/01\/Hangs.jpg?w=549&amp;ssl=1 549w\" sizes=\"(max-width: 300px) 100vw, 300px\" \/><\/a>Ovdje mo\u017eete prona\u0107i sve informacije koje su vezane za ostvarivanje suradnje i projektnih zadataka u projektu. Isto tako, mo\u017eete vidjeti koje su sve aktivnosti u sklopu projekta organizirane i provedene u prvoj godini trajanja.\n<p>U istra\u017eivanju su sudjelovali stalni suradnici na projektu John McMillan (Bioethics Centre, New Zeland) i Miranda Fricker (University of Sheffield).\u00a0Ostvarena je iznimna suradnja s nizom europskih i svjetskih znanstvenika i njihovih institucija. Kroz sudjelovanja na me\u0111unarodim skupovima i raspravama koji su organizirani u okviru projekta\u00a0 sudjelovao je niz uglednih inozemnih znanstvenika me\u0111u kojima:\u00a0<strong>Thomas Christiano (University of Arizona), Andew Williams (ICREA, Universitata Pompeu Fabra, Barcelona), Jose Luis Marti (Universitata Pompeu Fabra, Barcelona), Simone Chambers (University of Toronto), David Miller (University of Oxford),\u00a0 Derek Bolton (Kings College, London), Kai\u00a0 Spiekermann (London School of Economics), Enzo Rossi (University of Amsterdam), Andres Moles (Central European University, Budapest), Ivan Mladenovi\u0107 (Univezitet iz Beograda), Jo Shaw (University of Edinburgh), Stephen Burwood (University of Hull), Colin Bird (University of Virginia).<\/strong><\/p>\n<p>U sklopu projekta organizirana je ljetna \u0161kola\u00a0<a href=\"http:\/\/www.cas.uniri.hr\/summer-schools\/\" target=\"_blank\"><em>Equality and Citizeship<\/em><\/a>\u00a0na kojoj je\u00a0sudjelovalo vi\u0161e od dvadeset\u00a0studenata iz Europe i Azije. U svojstvu sudionika i posjetitelja sudjelovalo je vi\u0161e od 200 osoba.<\/p>\n<p>U skolopu projekta organizirano je predavanje \u00a0<a href=\"http:\/\/www.cas.uniri.hr\/peter-eisenman-2\/\" target=\"_blank\">Petera Eisenmana<\/a>, Yale School of Architecture, autora memorialnog spomenika \u017ertvama nacizma u Berlinu, na kojem je sudjelovalo vi\u0161e od 100 posjetitelja.<\/p>\n<p><strong>U organizacijskim aktivnostima (uz Odsjek za filozofiju) neposredno su bile uklju\u010dene sljede\u0107e znanstvene institucije:<\/strong>\u00a0<a href=\"http:\/\/www.leeds.ac.uk\" target=\"_blank\">University of Leeds<\/a>,<a href=\"http:\/\/www.upf.edu\" target=\"_blank\"> Universitata Pompeu Fabra, Barcelona<\/a>, <a href=\"http:\/\/www.units.it\" target=\"_blank\">University of Trieste<\/a>, <a href=\"www.uniri.hr\" target=\"_blank\">Sveu\u010dili\u0161te u Rijeci, <\/a><a href=\"www.cas.uniri.hr\" target=\"_blank\">Centar za napredne studije \u2013 jugoisto\u010dna Europa<\/a>, <a href=\"http:\/\/www.wzb.eu\/de\" target=\"_blank\">Wisseschaftszentrum Berlin<\/a>, <a href=\"http:\/\/www.wiko-berlin.de\" target=\"_blank\">Wissenschftskolleg zu Berlin<\/a> i drugi.<\/p>\n<p><strong>U prijavi projekta ostvarena je suradnja sa sljede\u0107im institucijama:<\/strong>\u00a0Institute for the Danube Region and Central Europe \u2013 IDM, Institute for Philosophy and Social Theory, University of Belgrade, Universit\u00e0 degli studi di Udine, Udine IT, \u00c9cole des Hautes \u00c9tudes en Sciences Sociales (EHESS), Paris, University of Westminster, University of Rijeka \u2013 Center for Advanced studies, Rijeka, Nov Bulgarski Universitet \u2013 New Bulgarian University, Sofia BG.<\/p>\n<p>\u00a0<\/p>\n<p><strong><a href=\"https:\/\/i0.wp.com\/66.147.244.158\/~unirismo\/socdevi\/wp-content\/uploads\/2015\/01\/community-420x210.jpg\"><img data-recalc-dims=\"1\" decoding=\"async\" class=\"   alignleft wp-image-186 \" src=\"https:\/\/i0.wp.com\/66.147.244.158\/~unirismo\/socdevi\/wp-content\/uploads\/2015\/01\/community-420x210-300x150.jpg?resize=312%2C156\" alt=\"community-420x210\" width=\"312\" height=\"156\" loading=\"lazy\" srcset=\"https:\/\/i0.wp.com\/mpeodd.uniri.hr\/wp-content\/uploads\/2015\/01\/community-420x210.jpg?resize=300%2C150&amp;ssl=1 300w, https:\/\/i0.wp.com\/mpeodd.uniri.hr\/wp-content\/uploads\/2015\/01\/community-420x210.jpg?resize=420%2C210&amp;ssl=1 420w\" sizes=\"(max-width: 312px) 100vw, 312px\" \/><\/a>Kru\u017eenje mozgova<\/strong><\/p>\n<p style=\"text-align: left;\">U istra\u017eivanju bilje\u017eimo zna\u010dajnu dolaznu mobilnost stranih znanstvenika i studenata i odlaznu mobilnost \u010dlanova istra\u017eiva\u010dkog tima.\u00a0Na konferencijama, radionicama, ljetnoj \u0161koli i predavanjima organiziranima na Sveu\u010dili\u0161tu u Rijeci u okviru ovog projekta aktivno je sudjelovalo je vi\u0161e od 50 znanstvenika i studenata sa inozemnih sveu\u010dili\u0161ta.\u00a0\u010clanovi istra\u017eiva\u010dkog tima sudjelovali su aktivno (s izlaganjem, posterom, kroz organizaciju) na nizu me\u0111unarodonih\u00a0 doma\u0107ih skupova i doga\u0111anja:\u00a0<strong>LUISS Roma, Wissenschaftszenturum Berlin, Europen Forum Alpbach, Institut za dru\u0161tvene nauke Univerziteta u Beogradu, University of Bologna, Filozofski fakultet u Ni\u0161u, University of Maribor, Psihijatrijska bolnica Rab\u00a0 i dr. \u00a0<\/strong><\/p>\n<p><strong>Prijavljeni projekti<\/strong><\/p>\n<p>Sudjelovanje na drugim znanstvenim projektima:<\/p>\n<ul>\n<li>\u010clan osnovnog istra\u017eiva\u010dkog tima Luca Malatesti je i voditelj projekta 2014-2018 \u2013 Klasifikacija i obja\u0161njenja antisocijalnog poreme\u0107aja osobnosti i moralna i kaznena odgovornost u kontekstu Hrvatskog zakona o mentalnom zdravlju i skrb; Hrvatska Zaklada za Znanost; http:\/\/ceascro.ffri.hr\/<\/li>\n<li>\u010clanica istra\u017eiva\u010dkog tima u svojstvu doktorandice Ana Smokrovi\u0107 je suradnica na projektu Hrvatske zaklade za znanost \u201eFraming the Nation and Collective Identity in Croatia: Political Rituals and the Cultural Memory of Twentieth Century Traumas\u201c, voditelj projekta: doc. dr.sc. Vjeran Pavlakovi\u0107<\/li>\n<\/ul>\n<p>Sudjelovanje u pripremi projekata (Snje\u017eana Priji\u0107 \u2013 Samar\u017eija i Andrea Me\u0161anovi\u0107)<\/p>\n<ul>\n<li>Start Danube Region Project Fund: Projekt: \u02ddYoung researchers from the Danube Region going to ERA\u02dd, Partneri: Institute for the Danube Region and Central Europe \u2013 IDM, Institute for Philosophy and Social Theory, University of Belgrade<\/li>\n<li>Erassmus plus: Projekt : \u02ddOpen Mind Project\u02dd, Partneri: Mim Edizioni srl \u2013IT, Universit\u00e0 degli studi di Udine, Udine IT, \u00c9cole des Hautes \u00c9tudes en Sciences Sociales (EHESS), Paris, University of Westminster, University of Rijeka \u2013 Center for Advanced studies, Rijeka, Nov Bulgarski Universitet \u2013 New Bulgarian University, Sofia BG<\/li>\n<\/ul>\n<p>\u00a0<\/p>\n<\/body>","protected":false},"excerpt":{"rendered":"<p>Ovdje mo\u017eete prona\u0107i sve informacije koje su vezane za ostvarivanje suradnje i projektnih zadataka u projektu. Isto tako, mo\u017eete vidjeti koje su sve aktivnosti u sklopu projekta organizirane i provedene u prvoj godini trajanja. U istra\u017eivanju su sudjelovali stalni suradnici na projektu John McMillan (Bioethics Centre, New Zeland) i Miranda Fricker (University of Sheffield).\u00a0Ostvarena je [&hellip;]<\/p>\n","protected":false},"author":2,"featured_media":0,"parent":0,"menu_order":0,"comment_status":"open","ping_status":"open","template":"","meta":{"footnotes":""},"class_list":["post-117","page","type-page","status-publish","hentry"],"jetpack_sharing_enabled":true,"_links":{"self":[{"href":"https:\/\/mpeodd.uniri.hr\/index.php?rest_route=\/wp\/v2\/pages\/117"}],"collection":[{"href":"https:\/\/mpeodd.uniri.hr\/index.php?rest_route=\/wp\/v2\/pages"}],"about":[{"href":"https:\/\/mpeodd.uniri.hr\/index.php?rest_route=\/wp\/v2\/types\/page"}],"author":[{"embeddable":true,"href":"https:\/\/mpeodd.uniri.hr\/index.php?rest_route=\/wp\/v2\/users\/2"}],"replies":[{"embeddable":true,"href":"https:\/\/mpeodd.uniri.hr\/index.php?rest_route=%2Fwp%2Fv2%2Fcomments&post=117"}],"version-history":[{"count":11,"href":"https:\/\/mpeodd.uniri.hr\/index.php?rest_route=\/wp\/v2\/pages\/117\/revisions"}],"predecessor-version":[{"id":119,"href":"https:\/\/mpeodd.uniri.hr\/index.php?rest_route=\/wp\/v2\/pages\/117\/revisions\/119"}],"wp:attachment":[{"href":"https:\/\/mpeodd.uniri.hr\/index.php?rest_route=%2Fwp%2Fv2%2Fmedia&parent=117"}],"curies":[{"name":"wp","href":"https:\/\/api.w.org\/{rel}","templated":true}]}}